{"id":59,"date":"2023-04-07T00:30:34","date_gmt":"2023-04-06T22:30:34","guid":{"rendered":"https:\/\/www.rultralight.com\/?page_id=59"},"modified":"2025-05-20T17:24:15","modified_gmt":"2025-05-20T15:24:15","slug":"contact","status":"publish","type":"page","link":"https:\/\/www.rultralight.com\/index.php\/contact\/","title":{"rendered":"Contact"},"content":{"rendered":"<style>.kb-row-layout-id59_0af5cf-49 > .kt-row-column-wrap{align-content:start;}:where(.kb-row-layout-id59_0af5cf-49 > .kt-row-column-wrap) > .wp-block-kadence-column{justify-content:start;}.kb-row-layout-id59_0af5cf-49 > .kt-row-column-wrap{column-gap:var(--global-kb-gap-lg, 4rem);row-gap:var(--global-kb-gap-md, 2rem);max-width:var( --global-content-width, 1600px );padding-left:var(--global-content-edge-padding);padding-right:var(--global-content-edge-padding);padding-top:158px;padding-bottom:var(--global-kb-spacing-5xl, 10rem);grid-template-columns:repeat(2, minmax(0, 1fr));}.kb-row-layout-id59_0af5cf-49{background-color:rgba(0,255,0,0);}.kb-row-layout-id59_0af5cf-49 > .kt-row-layout-overlay{opacity:0.30;background:linear-gradient(95deg,rgba(30,227,6,0) 49%,rgb(2,5,0) 49%);}.kb-row-layout-id59_0af5cf-49 .kt-row-layout-bottom-sep{height:100px;}.kb-row-layout-id59_0af5cf-49 .kt-row-layout-bottom-sep svg{width:100%;}.kb-row-layout-id59_0af5cf-49 .kt-row-layout-bottom-sep svg{fill:#000000!important;}@media all and (max-width: 1024px){.kb-row-layout-id59_0af5cf-49 > .kt-row-column-wrap{row-gap:var(--global-kb-gap-sm, 1rem);grid-template-columns:repeat(2, minmax(0, 1fr));}}@media all and (max-width: 1024px){.kb-row-layout-id59_0af5cf-49 .kt-row-layout-bottom-sep{height:px;}}@media all and (max-width: 1024px){.kb-row-layout-id59_0af5cf-49 .kt-row-layout-bottom-sep svg{width:%;}}@media all and (max-width: 767px){.kb-row-layout-id59_0af5cf-49 > .kt-row-column-wrap{row-gap:var(--global-kb-gap-sm, 1rem);padding-top:90px;grid-template-columns:minmax(0, 1fr);}.kb-row-layout-id59_0af5cf-49 .kt-row-layout-bottom-sep{height:px;}.kb-row-layout-id59_0af5cf-49 .kt-row-layout-bottom-sep svg{width:%;}}<\/style><div class=\"kb-row-layout-wrap kb-row-layout-id59_0af5cf-49 alignfull kt-row-has-bg wp-block-kadence-rowlayout\"><div class=\"kt-row-layout-overlay kt-row-overlay-gradient\"><\/div><div class=\"kt-row-layout-bottom-sep kt-row-sep-type-threelevelsi\"><svg viewBox=\"0 0 1000 100\" preserveAspectRatio=\"none\"><path style=\"opacity: 0.33\" d=\"M1000 95L0 0v100h1000v-5z\"><\/path><path style=\"opacity: 0.66\" d=\"M1000 95L0 27.056V100h1000v-5z\"><\/path><path d=\"M1000 95L0 54.113V100h1000v-5z\"><\/path><\/svg><\/div><div class=\"kt-row-column-wrap kt-has-2-columns kt-row-layout-equal kt-tab-layout-inherit kt-mobile-layout-row kt-row-valign-top kb-theme-content-width\">\n<style>.kadence-column59_7a6cea-89 > .kt-inside-inner-col,.kadence-column59_7a6cea-89 > .kt-inside-inner-col:before{border-top-left-radius:0px;border-top-right-radius:0px;border-bottom-right-radius:0px;border-bottom-left-radius:0px;}.kadence-column59_7a6cea-89 > .kt-inside-inner-col{column-gap:var(--global-kb-gap-sm, 1rem);}.kadence-column59_7a6cea-89 > .kt-inside-inner-col{flex-direction:column;}.kadence-column59_7a6cea-89 > .kt-inside-inner-col > .aligncenter{width:100%;}.kadence-column59_7a6cea-89 > .kt-inside-inner-col:before{opacity:0.3;}.kadence-column59_7a6cea-89{position:relative;}@media all and (max-width: 1024px){.kt-row-column-wrap.kt-tab-layout-three-grid > .kadence-column59_7a6cea-89, .kt-row-column-wrap.kt-tab-layout-two-grid > .kadence-column59_7a6cea-89, .kt-row-column-wrap.kt-tab-layout-row > .kadence-column59_7a6cea-89{order:2;}}@media all and (max-width: 1024px){.kadence-column59_7a6cea-89 > .kt-inside-inner-col{flex-direction:column;justify-content:center;}}@media all and (max-width: 767px){.kt-row-column-wrap.kt-mobile-layout-three-grid > .kadence-column59_7a6cea-89, .kt-row-column-wrap.kt-mobile-layout-two-grid > .kadence-column59_7a6cea-89, .kt-row-column-wrap.kt-mobile-layout-row > .kadence-column59_7a6cea-89{order:2;}.kadence-column59_7a6cea-89 > .kt-inside-inner-col{flex-direction:column;justify-content:center;}}<\/style>\n<div class=\"wp-block-kadence-column kadence-column59_7a6cea-89 inner-column-2\"><div class=\"kt-inside-inner-col\">\n<div class=\"wp-block-ab-animate\" data-scroll-class=\"fadeInLeft\"><style>.wp-block-kadence-form.kadence-form-59_594677-7b.kb-form-wrap{margin-left:var(--global-kb-spacing-xs, 1rem);}.kadence-form-59_594677-7b .kb-form .kadence-blocks-form-field .kb-text-style-field, .kadence-form-59_594677-7b .kb-form .kadence-blocks-form-field .kb-select-style-field{color:#ffffff;background:rgba(1, 255, 38, 0.25);border-color:var(--global-palette6, #718096);box-shadow:3px 1px 2px 0px rgba(0, 0, 0, 0.2);}.kadence-form-59_594677-7b .kb-form .kadence-blocks-form-field .kb-text-style-field:focus, .kadence-form-59_594677-7b .kb-form .kadence-blocks-form-field .kb-select-style-field:focus{color:#ffffff;box-shadow:5px 2px 3px 0px rgba(0, 0, 0, 0.4);background:rgba(22, 255, 0, 0.72);}.kadence-form-59_594677-7b .kb-form .kadence-blocks-form-field > label{color:#ffffff;}.kadence-form-59_594677-7b .kb-form .kadence-blocks-form-field .kb-forms-submit{color:#ffffff;background:rgba(92, 255, 0, 0.33);box-shadow:3px 1px 2px 0px rgba(0, 0, 0, 0.2);}.kadence-form-59_594677-7b .kb-form .kadence-blocks-form-field .kb-forms-submit:hover, .kadence-form-59_594677-7b .kb-form .kadence-blocks-form-field .kb-forms-submit:focus {box-shadow:5px 2px 3px 0px rgba(0, 0, 0, 0.4);background:rgba(44, 255, 0, 0.61);}.kadence-form-59_594677-7b .kadence-blocks-form-success{color:#00ff08;border-color:#00ff1c;background:#000000;}.kadence-form-59_594677-7b .kadence-blocks-form-warning{color:#00ff50;border-color:#ac0000;background:#000000;}.kb-form input.kadence-blocks-field.verify{opacity:0.0;position:absolute;top:0.0;left:0.0;width:0.0;height:0.0;z-index:-1;}<\/style>\n<div class=\"wp-block-kadence-form kadence-form-59_594677-7b kb-form-wrap\"><form class=\"kb-form\" action=\"\" method=\"post\"><div class=\"kadence-blocks-form-field kb-field-desk-width-50 kb-input-size-standard\"><label for=\"kb_field_59_594677-7b_0\">Pr\u00e9nom<span class=\"required\">*<\/span><\/label><input name=\"kb_field_0\" id=\"kb_field_59_594677-7b_0\" data-label=\"Pr\u00e9nom\" type=\"text\" placeholder=\"\" value=\"\" data-type=\"text\" class=\"kb-field kb-text-style-field kb-text-field kb-field-0\" data-required=\"yes\"\/><\/div><div class=\"kadence-blocks-form-field kb-form-field-1 kb-field-desk-width-50 kb-input-size-standard\"><label for=\"kb_field_59_594677-7b_1\">Nom<span class=\"required\">*<\/span><\/label><input name=\"kb_field_1\" id=\"kb_field_59_594677-7b_1\" data-label=\"Nom\" type=\"text\" placeholder=\"\" value=\"\" data-type=\"text\" class=\"kb-field kb-text-style-field kb-text-field kb-field-1\" data-required=\"yes\"\/><\/div><div class=\"kadence-blocks-form-field kb-form-field-2 kb-field-desk-width-100 kb-input-size-standard\"><label for=\"kb_field_59_594677-7b_2\">Email<span class=\"required\">*<\/span><\/label><input name=\"kb_field_2\" id=\"kb_field_59_594677-7b_2\" data-label=\"Email\" type=\"email\" placeholder=\"\" value=\"\" data-type=\"email\" class=\"kb-field kb-text-style-field kb-email-field kb-field-2\" data-required=\"yes\"\/><\/div><div class=\"kadence-blocks-form-field kb-form-field-3 kb-field-desk-width-50 kb-input-size-standard\"><label for=\"kb_field_59_594677-7b_3\">D\u00e9ja Client R.ultralight ?<span class=\"required\">*<\/span><\/label><div data-type=\"radio\" data-label=\"D\u00e9ja Client R.ultralight ?\" id=\"kb_field_59_594677-7b_3\" class=\"kb-field kb-radio-style-field kb-radio-field kb-field-3 kb-radio-style-normal\" data-required=\"yes\"><div data-type=\"radio\" class=\"kb-radio-item kb-radio-item-0\"><input type=\"radio\" name=\"kb_field_3[]\" id=\"kb_field_3_0\" class=\"kb-sub-field kb-radio-style\" value=\"Bien s\u00fbr ! \"\/><label for=\"kb_field_3_0\">Bien s\u00fbr ! <\/label><\/div><div data-type=\"radio\" class=\"kb-radio-item kb-radio-item-1\"><input type=\"radio\" name=\"kb_field_3[]\" id=\"kb_field_3_1\" class=\"kb-sub-field kb-radio-style\" value=\"Pas encore\"\/><label for=\"kb_field_3_1\">Pas encore<\/label><\/div><\/div><\/div><div class=\"kadence-blocks-form-field kb-form-field-4 kb-field-desk-width-50 kb-input-size-standard\"><label for=\"kb_field_59_594677-7b_4\">T\u00e9l\u00e9phone<\/label><input name=\"kb_field_4\" id=\"kb_field_59_594677-7b_4\" data-label=\"T\u00e9l\u00e9phone\" type=\"tel\" placeholder=\"\" value=\"\" data-type=\"tel\" class=\"kb-field kb-text-style-field kb-tel-field kb-field-4\"\/><\/div><div class=\"kadence-blocks-form-field kb-form-field-5 kb-field-desk-width-100 kb-input-size-standard\"><label for=\"kb_field_59_594677-7b_5\">Sujet<span class=\"required\">*<\/span><\/label><select name=\"kb_field_5\" id=\"kb_field_59_594677-7b_5\" data-label=\"Sujet\" type=\"select\" value=\"Choisissez un sujet\" data-type=\"select\" class=\"kb-field kb-select-style-field kb-select-field kb-field-5\" data-required=\"yes\"><option value=\"Commandes et demandes de devis\">Commandes et demandes de devis<\/option><option value=\"Demandes d'informations \">Demandes d&#8217;informations <\/option><option value=\"Ecole\/Tandem\">Ecole\/Tandem<\/option><option value=\"Occasions\">Occasions<\/option><option value=\"Demande de maintenance\">Demande de maintenance<\/option><option value=\"SAV\">SAV<\/option><\/select><\/div><div class=\"kadence-blocks-form-field kb-form-field-6 kb-field-desk-width-100 kb-input-size-standard\"><label for=\"kb_field_59_594677-7b_6\">Message<span class=\"required\">*<\/span><\/label><textarea name=\"kb_field_6\" id=\"kb_field_59_594677-7b_6\" data-label=\"Message\" type=\"textarea\" placeholder=\"\" data-type=\"textarea\" class=\"kb-field kb-text-style-field kb-textarea-field kb-field-6\" rows=\"4\" data-required=\"yes\"><\/textarea><\/div><input type=\"hidden\" name=\"_kb_form_id\" value=\"59_594677-7b\"\/><input type=\"hidden\" name=\"_kb_form_post_id\" value=\"59\"\/><input type=\"hidden\" name=\"action\" value=\"kb_process_ajax_submit\"\/><label class=\"kadence-verify-label\">Email<input class=\"kadence-blocks-field verify\" type=\"text\" name=\"_kb_verify_email\" autocomplete=\"new-password\" aria-hidden=\"true\" placeholder=\"Email\" tabindex=\"-1\" data-1p-ignore=\"true\" data-lpignore=\"true\" \/><\/label><div class=\"kadence-blocks-form-field kb-submit-field kb-field-desk-width-100\"><button class=\"kb-forms-submit button kb-button-size-standard kb-button-width-auto\">Send Message<\/button><\/div><\/form><\/div>\n<noscript><div class=\"kadence-blocks-form-message kadence-blocks-form-warning\">Please enable JavaScript in your browser to submit the form<\/div><style>.kadence-form-59_594677-7b .kadence-blocks-form-field.kb-submit-field { display: none; }<\/style><\/noscript><\/div>\n<\/div><\/div>\n\n\n<style>.kadence-column59_88fc99-00 > .kt-inside-inner-col,.kadence-column59_88fc99-00 > .kt-inside-inner-col:before{border-top-left-radius:0px;border-top-right-radius:0px;border-bottom-right-radius:0px;border-bottom-left-radius:0px;}.kadence-column59_88fc99-00 > .kt-inside-inner-col{column-gap:var(--global-kb-gap-sm, 1rem);}.kadence-column59_88fc99-00 > .kt-inside-inner-col{flex-direction:column;}.kadence-column59_88fc99-00 > .kt-inside-inner-col > .aligncenter{width:100%;}.kadence-column59_88fc99-00 > .kt-inside-inner-col{background-color:rgba(0, 0, 0, 0);}.kadence-column59_88fc99-00:hover > .kt-inside-inner-col{background-color:rgba(0,255,0,0);background-image:none;}.kadence-column59_88fc99-00 > .kt-inside-inner-col:before{opacity:0.3;}.kadence-column59_88fc99-00{position:relative;}@media all and (max-width: 1024px){.kadence-column59_88fc99-00 > .kt-inside-inner-col{padding-bottom:var(--global-kb-spacing-md, 2rem);flex-direction:column;justify-content:center;}}@media all and (max-width: 1024px){.kt-row-column-wrap.kt-tab-layout-three-grid > .kadence-column59_88fc99-00, .kt-row-column-wrap.kt-tab-layout-two-grid > .kadence-column59_88fc99-00, .kt-row-column-wrap.kt-tab-layout-row > .kadence-column59_88fc99-00{order:1;}}@media all and (max-width: 767px){.kt-row-column-wrap.kt-mobile-layout-three-grid > .kadence-column59_88fc99-00, .kt-row-column-wrap.kt-mobile-layout-two-grid > .kadence-column59_88fc99-00, .kt-row-column-wrap.kt-mobile-layout-row > .kadence-column59_88fc99-00{order:1;}.kadence-column59_88fc99-00 > .kt-inside-inner-col{flex-direction:column;justify-content:center;}}<\/style>\n<div class=\"wp-block-kadence-column kadence-column59_88fc99-00 inner-column-1\"><div class=\"kt-inside-inner-col\">\n<div class=\"wp-block-ab-animate\" data-scroll-class=\"fadeInRight\">\n<h2 class=\"wp-block-heading has-theme-palette-1-color has-text-color\">Contactez nous ! <\/h2>\n<\/div>\n\n\n\n<div class=\"wp-block-ab-animate\" data-scroll-class=\"fadeInUp\">\n<p class=\"has-white-color has-text-color\">Le meilleur moyen pour nous contacter est de nous envoyer un e-mail ou de remplir ce formulaire (cela revient au m\u00eame). Si nous ne r\u00e9pondons pas au t\u00e9l\u00e9phone c&#8217;est que nous sommes occup\u00e9s !<\/p>\n\n\n\n<p class=\"has-white-color has-text-color\">En l&#8217;absence de notre boutique en ligne, vous pourrez retrouver notre grille tarifaire sur une page d\u00e9di\u00e9e de notre site, vous pouvez \u00e9galement utiliser le formulaire de contact pour passer commande en attendant l&#8217;arriv\u00e9e de notre e-shop ! <\/p>\n\n\n\n<p class=\"has-white-color has-text-color\">A bient\u00f4t, <\/p>\n\n\n\n<p class=\"has-white-color has-text-color\">L&#8217;\u00e9quipe R.Ultralight <\/p>\n\n\n<style>.kb-google-maps-container59_2cdc70-06{max-width:698px;height:376px;}<\/style><div class=\"kb-google-maps-container kb-google-maps-container59_2cdc70-06  wp-block-kadence-googlemaps\" data-mapid=\"59_2cdc7006\"><iframe width=\"100%\" height=\"100%\"\n\t\t\t\t\t\t\tstyle=\"border:0\" loading=\"lazy\"\n\t\t\t\t\t\t\tsrc=\"https:\/\/www.google.com\/maps\/embed\/v1\/place?key=AIzaSyBAM2o7PiQqwk15LC1XRH2e_KJ-jUa7KYk&#038;zoom=11&#038;maptype=roadmap&#038;q=R.ultralight\"\n\t\t\t\t\t\t\ttitle=\"Google map of R.ultralight\"><\/iframe><\/div><script>function kb_google_map59_2cdc7006() { let center = { lat: 37.8201, lng: -122.4781}; let map = new google.maps.Map(document.getElementById(\"kb-google-map59_2cdc7006\"), {\n\t\t\t\t\t    zoom: 11,\n\t\t\t\t\t    center: center,});let marker = new google.maps.Marker({   position: { lat: 37.8201, lng: -122.4781},    map: map,  });}<\/script><\/div>\n<\/div><\/div>\n\n<\/div><\/div>","protected":false},"excerpt":{"rendered":"","protected":false},"author":3,"featured_media":0,"parent":0,"menu_order":0,"comment_status":"closed","ping_status":"closed","template":"","meta":{"_kadence_starter_templates_imported_post":false,"_kad_post_transparent":"","_kad_post_title":"hide","_kad_post_layout":"","_kad_post_sidebar_id":"","_kad_post_content_style":"unboxed","_kad_post_vertical_padding":"","_kad_post_feature":"","_kad_post_feature_position":"","_kad_post_header":false,"_kad_post_footer":false,"footnotes":""},"class_list":["post-59","page","type-page","status-publish","hentry"],"yoast_head":"<!-- This site is optimized with the Yoast SEO plugin v25.3.1 - https:\/\/yoast.com\/wordpress\/plugins\/seo\/ -->\n<title>Contact - Rultralight paramoteur<\/title>\n<meta name=\"description\" content=\"Contactez nous pour plus d&#039;informations\" \/>\n<meta name=\"robots\" content=\"index, follow, max-snippet:-1, max-image-preview:large, max-video-preview:-1\" \/>\n<link rel=\"canonical\" href=\"https:\/\/www.rultralight.com\/index.php\/contact\/\" \/>\n<meta property=\"og:locale\" content=\"en_US\" \/>\n<meta property=\"og:type\" content=\"article\" \/>\n<meta property=\"og:title\" content=\"Contact - Rultralight paramoteur\" \/>\n<meta property=\"og:description\" content=\"Contactez nous pour plus d&#039;informations\" \/>\n<meta property=\"og:url\" content=\"https:\/\/www.rultralight.com\/index.php\/contact\/\" \/>\n<meta property=\"og:site_name\" content=\"Rultralight\" \/>\n<meta property=\"article:modified_time\" content=\"2025-05-20T15:24:15+00:00\" \/>\n<meta name=\"twitter:card\" content=\"summary_large_image\" \/>\n<meta name=\"twitter:label1\" content=\"Est. reading time\" \/>\n\t<meta name=\"twitter:data1\" content=\"1 minute\" \/>\n<script type=\"application\/ld+json\" class=\"yoast-schema-graph\">{\"@context\":\"https:\/\/schema.org\",\"@graph\":[{\"@type\":\"WebPage\",\"@id\":\"https:\/\/www.rultralight.com\/index.php\/contact\/\",\"url\":\"https:\/\/www.rultralight.com\/index.php\/contact\/\",\"name\":\"Contact - Rultralight paramoteur\",\"isPartOf\":{\"@id\":\"https:\/\/www.rultralight.com\/#website\"},\"datePublished\":\"2023-04-06T22:30:34+00:00\",\"dateModified\":\"2025-05-20T15:24:15+00:00\",\"description\":\"Contactez nous pour plus d'informations\",\"breadcrumb\":{\"@id\":\"https:\/\/www.rultralight.com\/index.php\/contact\/#breadcrumb\"},\"inLanguage\":\"en-US\",\"potentialAction\":[{\"@type\":\"ReadAction\",\"target\":[\"https:\/\/www.rultralight.com\/index.php\/contact\/\"]}]},{\"@type\":\"BreadcrumbList\",\"@id\":\"https:\/\/www.rultralight.com\/index.php\/contact\/#breadcrumb\",\"itemListElement\":[{\"@type\":\"ListItem\",\"position\":1,\"name\":\"Home\",\"item\":\"https:\/\/www.rultralight.com\/\"},{\"@type\":\"ListItem\",\"position\":2,\"name\":\"Contact\"}]},{\"@type\":\"WebSite\",\"@id\":\"https:\/\/www.rultralight.com\/#website\",\"url\":\"https:\/\/www.rultralight.com\/\",\"name\":\"Rultralight\",\"description\":\"Rultralight - Constructeur et instructeur paramoteur en r\u00e9gion parisienne\",\"publisher\":{\"@id\":\"https:\/\/www.rultralight.com\/#organization\"},\"potentialAction\":[{\"@type\":\"SearchAction\",\"target\":{\"@type\":\"EntryPoint\",\"urlTemplate\":\"https:\/\/www.rultralight.com\/?s={search_term_string}\"},\"query-input\":{\"@type\":\"PropertyValueSpecification\",\"valueRequired\":true,\"valueName\":\"search_term_string\"}}],\"inLanguage\":\"en-US\"},{\"@type\":\"Organization\",\"@id\":\"https:\/\/www.rultralight.com\/#organization\",\"name\":\"Rultralight\",\"url\":\"https:\/\/www.rultralight.com\/\",\"logo\":{\"@type\":\"ImageObject\",\"inLanguage\":\"en-US\",\"@id\":\"https:\/\/www.rultralight.com\/#\/schema\/logo\/image\/\",\"url\":\"https:\/\/www.rultralight.com\/wp-content\/uploads\/2023\/04\/cropped-Rultralight-logo-vert-RVB1.png\",\"contentUrl\":\"https:\/\/www.rultralight.com\/wp-content\/uploads\/2023\/04\/cropped-Rultralight-logo-vert-RVB1.png\",\"width\":698,\"height\":131,\"caption\":\"Rultralight\"},\"image\":{\"@id\":\"https:\/\/www.rultralight.com\/#\/schema\/logo\/image\/\"}}]}<\/script>\n<!-- \/ Yoast SEO plugin. -->","yoast_head_json":{"title":"Contact - Rultralight paramoteur","description":"Contactez nous pour plus d'informations","robots":{"index":"index","follow":"follow","max-snippet":"max-snippet:-1","max-image-preview":"max-image-preview:large","max-video-preview":"max-video-preview:-1"},"canonical":"https:\/\/www.rultralight.com\/index.php\/contact\/","og_locale":"en_US","og_type":"article","og_title":"Contact - Rultralight paramoteur","og_description":"Contactez nous pour plus d'informations","og_url":"https:\/\/www.rultralight.com\/index.php\/contact\/","og_site_name":"Rultralight","article_modified_time":"2025-05-20T15:24:15+00:00","twitter_card":"summary_large_image","twitter_misc":{"Est. reading time":"1 minute"},"schema":{"@context":"https:\/\/schema.org","@graph":[{"@type":"WebPage","@id":"https:\/\/www.rultralight.com\/index.php\/contact\/","url":"https:\/\/www.rultralight.com\/index.php\/contact\/","name":"Contact - Rultralight paramoteur","isPartOf":{"@id":"https:\/\/www.rultralight.com\/#website"},"datePublished":"2023-04-06T22:30:34+00:00","dateModified":"2025-05-20T15:24:15+00:00","description":"Contactez nous pour plus d'informations","breadcrumb":{"@id":"https:\/\/www.rultralight.com\/index.php\/contact\/#breadcrumb"},"inLanguage":"en-US","potentialAction":[{"@type":"ReadAction","target":["https:\/\/www.rultralight.com\/index.php\/contact\/"]}]},{"@type":"BreadcrumbList","@id":"https:\/\/www.rultralight.com\/index.php\/contact\/#breadcrumb","itemListElement":[{"@type":"ListItem","position":1,"name":"Home","item":"https:\/\/www.rultralight.com\/"},{"@type":"ListItem","position":2,"name":"Contact"}]},{"@type":"WebSite","@id":"https:\/\/www.rultralight.com\/#website","url":"https:\/\/www.rultralight.com\/","name":"Rultralight","description":"Rultralight - Constructeur et instructeur paramoteur en r\u00e9gion parisienne","publisher":{"@id":"https:\/\/www.rultralight.com\/#organization"},"potentialAction":[{"@type":"SearchAction","target":{"@type":"EntryPoint","urlTemplate":"https:\/\/www.rultralight.com\/?s={search_term_string}"},"query-input":{"@type":"PropertyValueSpecification","valueRequired":true,"valueName":"search_term_string"}}],"inLanguage":"en-US"},{"@type":"Organization","@id":"https:\/\/www.rultralight.com\/#organization","name":"Rultralight","url":"https:\/\/www.rultralight.com\/","logo":{"@type":"ImageObject","inLanguage":"en-US","@id":"https:\/\/www.rultralight.com\/#\/schema\/logo\/image\/","url":"https:\/\/www.rultralight.com\/wp-content\/uploads\/2023\/04\/cropped-Rultralight-logo-vert-RVB1.png","contentUrl":"https:\/\/www.rultralight.com\/wp-content\/uploads\/2023\/04\/cropped-Rultralight-logo-vert-RVB1.png","width":698,"height":131,"caption":"Rultralight"},"image":{"@id":"https:\/\/www.rultralight.com\/#\/schema\/logo\/image\/"}}]}},"_links":{"self":[{"href":"https:\/\/www.rultralight.com\/index.php\/wp-json\/wp\/v2\/pages\/59","targetHints":{"allow":["GET"]}}],"collection":[{"href":"https:\/\/www.rultralight.com\/index.php\/wp-json\/wp\/v2\/pages"}],"about":[{"href":"https:\/\/www.rultralight.com\/index.php\/wp-json\/wp\/v2\/types\/page"}],"author":[{"embeddable":true,"href":"https:\/\/www.rultralight.com\/index.php\/wp-json\/wp\/v2\/users\/3"}],"replies":[{"embeddable":true,"href":"https:\/\/www.rultralight.com\/index.php\/wp-json\/wp\/v2\/comments?post=59"}],"version-history":[{"count":46,"href":"https:\/\/www.rultralight.com\/index.php\/wp-json\/wp\/v2\/pages\/59\/revisions"}],"predecessor-version":[{"id":4421,"href":"https:\/\/www.rultralight.com\/index.php\/wp-json\/wp\/v2\/pages\/59\/revisions\/4421"}],"wp:attachment":[{"href":"https:\/\/www.rultralight.com\/index.php\/wp-json\/wp\/v2\/media?parent=59"}],"curies":[{"name":"wp","href":"https:\/\/api.w.org\/{rel}","templated":true}]}}